{"id":227,"date":"2015-10-13T05:15:09","date_gmt":"2015-10-13T05:15:09","guid":{"rendered":"http:\/\/clapat.ro\/themes\/nerduck-wordpress\/?page_id=227"},"modified":"2016-11-08T07:56:35","modified_gmt":"2016-11-08T07:56:35","slug":"start","status":"publish","type":"page","link":"https:\/\/squarebackup.you2.pl\/","title":{"rendered":"Start"},"content":{"rendered":"<section class=\"wpb-content-wrapper\"><p>[vc_row][vc_column]<h4>O Nas<\/h4>[vc_column_text]<\/p>\n<div><\/div>\n<div>Nasz\u0105 specjalizacj\u0105 jest komunikacja wizualna. M\u0105drzy Chi\u0144czycy ju\u017c tysi\u0105c lat temu m\u00f3wili, \u017ce jeden obraz jest wart tysi\u0105ca s\u0142\u00f3w.<\/div>\n<div><\/div>\n<div>Na rynku jeste\u015bmy troch\u0119 kr\u00f3cej, ale wystarczaj\u0105co d\u0142ugo, by wyrobi\u0107 sobie opini\u0119 ekspert\u00f3w od obraz\u00f3w. Zar\u00f3wno opartych na wideo, animacji, infografice, jak i fotografii. Zajmujemy si\u0119 kreacj\u0105 i realizacj\u0105.<\/div>\n<div><\/div>\n<div><\/div>\n<p>[\/vc_column_text]<a href=\"http:\/\/squarepixel.pl\/?page_id=95\" target=\"_self\" class=\"animation-link more\">Read More<span class=\"icon\"><\/span><\/a>[\/vc_column][\/vc_row][vc_row disable_element=&#8221;yes&#8221;][vc_column width=&#8221;1\/2&#8243;]<h4>O Nas<\/h4>[vc_column_text]<\/p>\n<div><\/div>\n<div>Nasz\u0105 specjalizacj\u0105 jest komunikacja wizualna. M\u0105drzy Chi\u0144czycy ju\u017c tysi\u0105c lat temu m\u00f3wili, \u017ce jeden obraz jest wart tysi\u0105ca s\u0142\u00f3w.<\/div>\n<div><\/div>\n<div>Na rynku jeste\u015bmy troch\u0119 kr\u00f3cej, ale wystarczaj\u0105co d\u0142ugo, by wyrobi\u0107 sobie opini\u0119 ekspert\u00f3w od obraz\u00f3w. Zar\u00f3wno opartych na wideo, animacji, infografice, jak i fotografii. Zajmujemy si\u0119 kreacj\u0105 i realizacj\u0105.<\/div>\n<div><\/div>\n<div><\/div>\n<p>[\/vc_column_text]<a href=\"http:\/\/squarebackup.you2.pl\/?page_id=95\" target=\"_self\" class=\"animation-link more\">Read More<span class=\"icon\"><\/span><\/a>[\/vc_column][vc_column width=&#8221;1\/2&#8243;]<h4>Our Studio<\/h4>[vc_column_text]Lorem ipsum dolor sit amet, consectetur adipiscing elit. Vivamus vitae nulla enim. Proin egestas urna egestas erat porttitor, at ultrices nibh interdum. Integer neque ante, consequat non est at, porta efficitur tellus.<\/p>\n<p>Quisque varius, justo eget porttitor vehicula, tortor mauris molestie turpis, id vulputate nibh neque vitae orci.[\/vc_column_text]<a href=\"\" target=\"_self\" class=\"animation-link more\">Read More<span class=\"icon\"><\/span><\/a>[\/vc_column][\/vc_row]<\/p>\n<\/section>","protected":false},"excerpt":{"rendered":"<p>[vc_row][vc_column][vc_column_text] Nasz\u0105 specjalizacj\u0105 jest komunikacja wizualna. M\u0105drzy Chi\u0144czycy ju\u017c tysi\u0105c lat temu m\u00f3wili, \u017ce jeden obraz jest wart tysi\u0105ca s\u0142\u00f3w. Na rynku jeste\u015bmy troch\u0119 kr\u00f3cej, ale wystarczaj\u0105co d\u0142ugo, by wyrobi\u0107 sobie opini\u0119 ekspert\u00f3w od obraz\u00f3w. Zar\u00f3wno opartych na wideo, animacji, infografice, jak i fotografii. Zajmujemy si\u0119 kreacj\u0105 i realizacj\u0105. [\/vc_column_text][\/vc_column][\/vc_row][vc_row disable_element=&#8221;yes&#8221;][vc_column width=&#8221;1\/2&#8243;][vc_column_text] Nasz\u0105 specjalizacj\u0105 jest [&hellip;]<\/p>\n","protected":false},"author":1,"featured_media":0,"parent":0,"menu_order":0,"comment_status":"closed","ping_status":"closed","template":"","meta":[],"_links":{"self":[{"href":"https:\/\/squarebackup.you2.pl\/index.php?rest_route=\/wp\/v2\/pages\/227"}],"collection":[{"href":"https:\/\/squarebackup.you2.pl\/index.php?rest_route=\/wp\/v2\/pages"}],"about":[{"href":"https:\/\/squarebackup.you2.pl\/index.php?rest_route=\/wp\/v2\/types\/page"}],"author":[{"embeddable":true,"href":"https:\/\/squarebackup.you2.pl\/index.php?rest_route=\/wp\/v2\/users\/1"}],"replies":[{"embeddable":true,"href":"https:\/\/squarebackup.you2.pl\/index.php?rest_route=%2Fwp%2Fv2%2Fcomments&post=227"}],"version-history":[{"count":11,"href":"https:\/\/squarebackup.you2.pl\/index.php?rest_route=\/wp\/v2\/pages\/227\/revisions"}],"predecessor-version":[{"id":567,"href":"https:\/\/squarebackup.you2.pl\/index.php?rest_route=\/wp\/v2\/pages\/227\/revisions\/567"}],"wp:attachment":[{"href":"https:\/\/squarebackup.you2.pl\/index.php?rest_route=%2Fwp%2Fv2%2Fmedia&parent=227"}],"curies":[{"name":"wp","href":"https:\/\/api.w.org\/{rel}","templated":true}]}}