{"id":648,"date":"2018-01-04T10:24:18","date_gmt":"2018-01-04T10:24:18","guid":{"rendered":"http:\/\/squarepixel.pl\/?page_id=648"},"modified":"2018-01-11T07:53:44","modified_gmt":"2018-01-11T07:53:44","slug":"filmy-interaktywne","status":"publish","type":"page","link":"https:\/\/squarebackup.you2.pl\/?page_id=648","title":{"rendered":"FILMY INTERAKTYWNE"},"content":{"rendered":"<section class=\"wpb-content-wrapper\"><p>[vc_row][vc_column width=&#8221;1\/2&#8243;]<div class=\"classic-slider flexslider\"><ul class=\"slides\"><li><img src=\"https:\/\/squarebackup.you2.pl\/wp-content\/uploads\/2018\/01\/inter-02.png\" alt=\"\" \/><\/li><li><img src=\"https:\/\/squarebackup.you2.pl\/wp-content\/uploads\/2018\/01\/inter-04.png\" alt=\"\" \/><\/li><li><img src=\"https:\/\/squarebackup.you2.pl\/wp-content\/uploads\/2018\/01\/inter-03.png\" alt=\"\" \/><\/li><\/ul><\/div>[vc_single_image image=&#8221;692&#8243; img_size=&#8221;full&#8221;][\/vc_column][vc_column width=&#8221;1\/2&#8243; css=&#8221;.vc_custom_1444701861503{padding-top: 60px !important;padding-right: 45px !important;padding-bottom: 60px !important;padding-left: 45px !important;}&#8221;]<h3>Wiele mo\u017cliwo\u015bci<\/h3>[vc_column_text css_animation=&#8221;fadeIn&#8221;]Interaktywne wideo to mo\u017cliwo\u015b\u0107 wci\u0105gni\u0119cia widza w now\u0105 rzeczywisto\u015b\u0107. Ogl\u0105daj\u0105cy ma wp\u0142yw na to, co zdarzy si\u0119 na ekranie. Wybiera pomi\u0119dzy zaprojektowanymi wcze\u015bniej opcjami scenariusza. Dzi\u0119ki temu wideo jest anga\u017cuj\u0105ce i wci\u0105ga u\u017cytkownika w interakcj\u0119 z mark\u0105. Interaktywne wideo jest kolejnym krokiem w stron\u0119 konsumenta, gdy\u017c czyni go uczestnikiem i re\u017cyserem wydarze\u0144.<\/p>\n<ul>\n<li>induction<\/li>\n<li>szkolenia<\/li>\n<li>kampania produktowa<\/li>\n<li>social media<\/li>\n<li>publikacje w intranecie<\/li>\n<li>serial interaktywny<\/li>\n<li>wirtualne spacery<\/li>\n<li>interaktywne wywiady<\/li>\n<\/ul>\n<p>i wiele wi\u0119cej&#8230;[\/vc_column_text][\/vc_column][\/vc_row][vc_row][vc_column width=&#8221;1\/2&#8243; css=&#8221;.vc_custom_1444702002232{padding-top: 45px !important;padding-right: 60px !important;padding-bottom: 45px !important;padding-left: 60px !important;}&#8221;]<h3>Wi\u0119cej ni\u017c wideo.<\/p>\n<p><\/h3>[vc_column_text css_animation=&#8221;fadeIn&#8221;]Interaktywne wideo pozwala na w\u0142\u0105czenie do scenariusza materia\u0142\u00f3w kr\u0119conych kamer\u0105, ale tak\u017ce grafik &#8211; w tym infografik, graficznego przedstawiania definicji, poj\u0119\u0107, hase\u0142 czy zaprezentowanie kr\u00f3tkiej i prostej ankiety. Posiada wiele unikalnych w\u0142a\u015bciwo\u015bci:<\/p>\n<ul>\n<li><strong>zaanga\u017cowanie &#8211; <\/strong>interaktywne wideo<br \/>\nnajmocniej anga\u017cuje u\u017cytkownik\u00f3w podobnie jak gry wideo, u\u017cytkownik ma nieograniczony czas na poznawanie tre\u015bci<\/li>\n<li><strong>personalizacja<\/strong> &#8211; filmy przygotowane na podstawie konkretnego scenariusza, kt\u00f3rego tre\u015b\u0107 i poziom skomplikowania ogranicza jedynie bud\u017cet Klienta<\/li>\n<li><strong>wiedza<\/strong> &#8211; w znakomity spos\u00f3b przekazuje tre\u015bci merytoryczne;<\/li>\n<li><strong>\u00a0r\u00f3\u017cnorodno\u015b\u0107<\/strong> &#8211; mo\u017cliwo\u015b\u0107 zastosowania wielu technik: wideo, tekstu, infografiki<\/li>\n<li><strong>\u00a0wyr\u00f3\u017cnienie<\/strong> &#8211; firma zyskuje wizerunkow\u0105 przewag\u0119 nad<br \/>\nkonkurencj\u0105<\/li>\n<\/ul>\n<p>[\/vc_column_text][\/vc_column][vc_column width=&#8221;1\/2&#8243;]<div class=\"classic-slider flexslider\"><ul class=\"slides\"><li><img src=\"https:\/\/squarebackup.you2.pl\/wp-content\/uploads\/2018\/01\/inter-05.png\" alt=\"\" \/><\/li><li><img src=\"https:\/\/squarebackup.you2.pl\/wp-content\/uploads\/2018\/01\/inter-11.png\" alt=\"\" \/><\/li><li><img src=\"https:\/\/squarebackup.you2.pl\/wp-content\/uploads\/2018\/01\/interaktywny-01-white.png\" alt=\"\" \/><\/li><\/ul><\/div>[\/vc_column][\/vc_row][vc_row][vc_column width=&#8221;1\/2&#8243;]<div class=\"classic-slider flexslider\"><ul class=\"slides\"><li><img src=\"https:\/\/squarebackup.you2.pl\/wp-content\/uploads\/2018\/01\/inter-09.png\" alt=\"\" \/><\/li><li><img src=\"https:\/\/squarebackup.you2.pl\/wp-content\/uploads\/2018\/01\/inter-07.png\" alt=\"\" \/><\/li><li><img src=\"https:\/\/squarebackup.you2.pl\/wp-content\/uploads\/2018\/01\/inter-06.png\" alt=\"\" \/><\/li><li><img src=\"https:\/\/squarebackup.you2.pl\/wp-content\/uploads\/2018\/01\/inter-08.png\" alt=\"\" \/><\/li><\/ul><\/div>[\/vc_column][vc_column width=&#8221;1\/2&#8243; css=&#8221;.vc_custom_1444701861503{padding-top: 60px !important;padding-right: 45px !important;padding-bottom: 60px !important;padding-left: 45px !important;}&#8221;]<h3>Zalety.<\/p>\n<p>Mocne strony.<\/h3>[vc_column_text css_animation=&#8221;fadeIn&#8221;]Interaktywno\u015b\u0107 projektu czyni z niego narz\u0119dzie o wiele skuteczniejsze<br \/>\ni efektowniejsze ni\u017c zwyk\u0142e prezentacje czy filmy wideo.<\/p>\n<ul>\n<li>wesprzyj sprzeda\u017c!<\/li>\n<li>nauczaj efektywnie!<\/li>\n<li>inspiruj i baw!<\/li>\n<li>zapami\u0119tuj!<\/li>\n<li>szkolenie nie musi by\u0107 nudne!<\/li>\n<li>graj!<\/li>\n<\/ul>\n<p>[\/vc_column_text][\/vc_column][\/vc_row][vc_row][vc_column][vc_separator][\/vc_column][\/vc_row][vc_row disable_element=&#8221;yes&#8221;][vc_column]<dl class=\"accordion\"><dt><span>Niesko\u0144czone mo\u017cliwo\u015bci!<\/span><\/dt><dd class=\"accordion-content\">Interaktywne wideo to technologiczna nowo\u015b\u0107 na polskim rynku. Jest to narz\u0119dzie, kt\u00f3re \u015bwietnie anga\u017cuje odbiorc\u00f3w &#8211; w stopniu znacznie wi\u0119kszym ni\u017c tradycyjne wideo.<\/p>\n<p>Interaktywne wideo to mo\u017cliwo\u015b\u0107 wci\u0105gni\u0119cia widza w now\u0105 rzeczywisto\u015b\u0107. Ogl\u0105daj\u0105cy ma wp\u0142yw na to, co zdarzy si\u0119 na ekranie. Wybiera pomi\u0119dzy zaprojektowanymi wcze\u015bniej opcjami scenariusza. Dzi\u0119ki temu wideo jest anga\u017cuj\u0105ce i wci\u0105ga u\u017cytkownika w interakcj\u0119 z mark\u0105. Interaktywne wideo jest kolejnym krokiem w stron\u0119 konsumenta, gdy\u017c czyni go uczestnikiem i re\u017cyserem wydarze\u0144.<\/p>\n<p>Interaktywne wideo pozwala na w\u0142\u0105czenie do scenariusza materia\u0142\u00f3w kr\u0119conych kamer\u0105, ale tak\u017ce grafik &#8211; w tym infografik, graficznego przedstawiania definicji, poj\u0119\u0107, hase\u0142 czy zaprezentowanie kr\u00f3tkiej i prostej ankiety.<\/dd><dt><span>Z\u0142o\u017cona struktura!<\/span><\/dt><dd class=\"accordion-content\">Interaktywne wideo to technologiczna nowo\u015b\u0107 na polskim rynku. Jest to narz\u0119dzie, kt\u00f3re \u015bwietnie anga\u017cuje odbiorc\u00f3w &#8211; w stopniu znacznie wi\u0119kszym ni\u017c tradycyjne wideo.<\/p>\n<p>Interaktywne wideo to mo\u017cliwo\u015b\u0107 wci\u0105gni\u0119cia widza w now\u0105 rzeczywisto\u015b\u0107. Ogl\u0105daj\u0105cy ma wp\u0142yw na to, co zdarzy si\u0119 na ekranie. Wybiera pomi\u0119dzy zaprojektowanymi wcze\u015bniej opcjami scenariusza. Dzi\u0119ki temu wideo jest anga\u017cuj\u0105ce i wci\u0105ga u\u017cytkownika w interakcj\u0119 z mark\u0105. Interaktywne wideo jest kolejnym krokiem w stron\u0119 konsumenta, gdy\u017c czyni go uczestnikiem i re\u017cyserem wydarze\u0144.<\/p>\n<p>Interaktywne wideo pozwala na w\u0142\u0105czenie do scenariusza materia\u0142\u00f3w kr\u0119conych kamer\u0105, ale tak\u017ce grafik &#8211; w tym infografik, graficznego przedstawiania definicji, poj\u0119\u0107, hase\u0142 czy zaprezentowanie kr\u00f3tkiej i prostej ankiety.<\/dd><dt><span>Wideo niczym gra komputerowa!<\/span><\/dt><dd class=\"accordion-content\">Interaktywne wideo to technologiczna nowo\u015b\u0107 na polskim rynku. Jest to narz\u0119dzie, kt\u00f3re \u015bwietnie anga\u017cuje odbiorc\u00f3w &#8211; w stopniu znacznie wi\u0119kszym ni\u017c tradycyjne wideo.<\/p>\n<p>Interaktywne wideo to mo\u017cliwo\u015b\u0107 wci\u0105gni\u0119cia widza w now\u0105 rzeczywisto\u015b\u0107. Ogl\u0105daj\u0105cy ma wp\u0142yw na to, co zdarzy si\u0119 na ekranie. Wybiera pomi\u0119dzy zaprojektowanymi wcze\u015bniej opcjami scenariusza. Dzi\u0119ki temu wideo jest anga\u017cuj\u0105ce i wci\u0105ga u\u017cytkownika w interakcj\u0119 z mark\u0105. Interaktywne wideo jest kolejnym krokiem w stron\u0119 konsumenta, gdy\u017c czyni go uczestnikiem i re\u017cyserem wydarze\u0144.<\/p>\n<p>Interaktywne wideo pozwala na w\u0142\u0105czenie do scenariusza materia\u0142\u00f3w kr\u0119conych kamer\u0105, ale tak\u017ce grafik &#8211; w tym infografik, graficznego przedstawiania definicji, poj\u0119\u0107, hase\u0142 czy zaprezentowanie kr\u00f3tkiej i prostej ankiety.<\/dd><dt><span>R\u00f3\u017cnorodne media!<\/span><\/dt><dd class=\"accordion-content\">Interaktywne wideo to technologiczna nowo\u015b\u0107 na polskim rynku. Jest to narz\u0119dzie, kt\u00f3re \u015bwietnie anga\u017cuje odbiorc\u00f3w &#8211; w stopniu znacznie wi\u0119kszym ni\u017c tradycyjne wideo.<\/p>\n<p>Interaktywne wideo to mo\u017cliwo\u015b\u0107 wci\u0105gni\u0119cia widza w now\u0105 rzeczywisto\u015b\u0107. Ogl\u0105daj\u0105cy ma wp\u0142yw na to, co zdarzy si\u0119 na ekranie. Wybiera pomi\u0119dzy zaprojektowanymi wcze\u015bniej opcjami scenariusza. Dzi\u0119ki temu wideo jest anga\u017cuj\u0105ce i wci\u0105ga u\u017cytkownika w interakcj\u0119 z mark\u0105. Interaktywne wideo jest kolejnym krokiem w stron\u0119 konsumenta, gdy\u017c czyni go uczestnikiem i re\u017cyserem wydarze\u0144.<\/p>\n<p>Interaktywne wideo pozwala na w\u0142\u0105czenie do scenariusza materia\u0142\u00f3w kr\u0119conych kamer\u0105, ale tak\u017ce grafik &#8211; w tym infografik, graficznego przedstawiania definicji, poj\u0119\u0107, hase\u0142 czy zaprezentowanie kr\u00f3tkiej i prostej ankiety.<\/dd><dt><span>Baw si\u0119 i ucz!<\/span><\/dt><dd class=\"accordion-content\">Interaktywne wideo to technologiczna nowo\u015b\u0107 na polskim rynku. Jest to narz\u0119dzie, kt\u00f3re \u015bwietnie anga\u017cuje odbiorc\u00f3w &#8211; w stopniu znacznie wi\u0119kszym ni\u017c tradycyjne wideo.<\/p>\n<p><\/dd><dt><span>Ile to kosztuje?<\/span><\/dt><dd class=\"accordion-content\">Interaktywne wideo to technologiczna nowo\u015b\u0107 na polskim rynku. Jest to narz\u0119dzie, kt\u00f3re \u015bwietnie anga\u017cuje odbiorc\u00f3w &#8211; w stopniu znacznie wi\u0119kszym ni\u017c tradycyjne wideo.<\/p>\n<p>Interaktywne wideo to mo\u017cliwo\u015b\u0107 wci\u0105gni\u0119cia widza w now\u0105 rzeczywisto\u015b\u0107. Ogl\u0105daj\u0105cy ma wp\u0142yw na to, co zdarzy si\u0119 na ekranie. Wybiera pomi\u0119dzy zaprojektowanymi wcze\u015bniej opcjami scenariusza. Dzi\u0119ki temu wideo jest anga\u017cuj\u0105ce i wci\u0105ga u\u017cytkownika w interakcj\u0119 z mark\u0105. Interaktywne wideo jest kolejnym krokiem w stron\u0119 konsumenta, gdy\u017c czyni go uczestnikiem i re\u017cyserem wydarze\u0144.<\/p>\n<p>Interaktywne wideo pozwala na w\u0142\u0105czenie do scenariusza materia\u0142\u00f3w kr\u0119conych kamer\u0105, ale tak\u017ce grafik &#8211; w tym infografik, graficznego przedstawiania definicji, poj\u0119\u0107, hase\u0142 czy zaprezentowanie kr\u00f3tkiej i prostej ankiety.<\/dd><\/dl>[\/vc_column][\/vc_row][vc_row][vc_column][vc_separator]<h1 class=\"title-has-line\">Przyk\u0142adowe wideo:<\/h1><h3>Film interaktywny\u00a0&#8211; Carlsberg kultura pracy<\/h3>[vc_column_text css_animation=&#8221;fadeIn&#8221;]<\/p>\n<div class=\"page-summary\">\n<p>Z przyjemno\u015bci\u0105 informujemy, \u017ce interaktywny film o kulturze organizacyjnej wyprodukowany przez SquarePixel dla\u00a0 Carlsberg zdoby\u0142 wyr\u00f3\u017cnienie w kategorii Najlepsza innowacja oraz g\u0142\u00f3wn\u0105 nagrod\u0119 w kategorii Najlepsze Video w w konkursie Employer Branding Stars 2017!<\/p>\n<p>&nbsp;<\/p>\n<\/div>\n<div class=\"rte rte--no-pad\">\n<p>19 pa\u017adziernika 2017 odby\u0142a si\u0119 gala wr\u0119czenia nagr\u00f3d Employer Branding Stars, przyznawanych za najlepsze dzia\u0142ania z zakresu budowania wizerunku pracodawcy w 2017 roku. Jury, z\u0142o\u017cone z 15 profesjonalist\u00f3w Employer Brandingu, ocenia\u0142o 99 projekt\u00f3w, zg\u0142oszone przez 44 firmy z ca\u0142ej Polski.<\/p>\n<\/div>\n<p>[\/vc_column_text][\/vc_column][\/vc_row][vc_row][vc_column][vc_raw_html]JTVCaWZyYW1lJTIwc3JjJTNEJTIyaHR0cCUzQSUyRiUyRnNxdWFyZXBpeGVsLmhvbWUucGwlMkZJTlRFUkFDVElWRSUyRjAxJTJGcHVibGlzaC10by13ZWIlMkZpbmRleHh4Lmh0bWwlMjNzdGFydCUyMiUyMHdpZHRoJTNEJTIyMTI4MCUyMiUyMGhlaWdodCUzRCUyMjcyMCUyMiU1RCUyMA==[\/vc_raw_html][\/vc_column][\/vc_row][vc_row][vc_column]<h1 class=\"title-has-line\">Chcesz wiedzie\u0107 wi\u0119cej?<\/h1>[\/vc_column][\/vc_row]<\/p>\n<\/section>","protected":false},"excerpt":{"rendered":"<p>[vc_row][vc_column width=&#8221;1\/2&#8243;][vc_single_image image=&#8221;692&#8243; img_size=&#8221;full&#8221;][\/vc_column][vc_column width=&#8221;1\/2&#8243; css=&#8221;.vc_custom_1444701861503{padding-top: 60px !important;padding-right: 45px !important;padding-bottom: 60px !important;padding-left: 45px !important;}&#8221;][vc_column_text css_animation=&#8221;fadeIn&#8221;]Interaktywne wideo to mo\u017cliwo\u015b\u0107 wci\u0105gni\u0119cia widza w now\u0105 rzeczywisto\u015b\u0107. Ogl\u0105daj\u0105cy ma wp\u0142yw na to, co zdarzy si\u0119 na ekranie. Wybiera pomi\u0119dzy zaprojektowanymi wcze\u015bniej opcjami scenariusza. Dzi\u0119ki temu wideo jest anga\u017cuj\u0105ce i wci\u0105ga u\u017cytkownika w interakcj\u0119 z mark\u0105. Interaktywne wideo jest kolejnym [&hellip;]<\/p>\n","protected":false},"author":1,"featured_media":0,"parent":0,"menu_order":0,"comment_status":"closed","ping_status":"closed","template":"","meta":[],"_links":{"self":[{"href":"https:\/\/squarebackup.you2.pl\/index.php?rest_route=\/wp\/v2\/pages\/648"}],"collection":[{"href":"https:\/\/squarebackup.you2.pl\/index.php?rest_route=\/wp\/v2\/pages"}],"about":[{"href":"https:\/\/squarebackup.you2.pl\/index.php?rest_route=\/wp\/v2\/types\/page"}],"author":[{"embeddable":true,"href":"https:\/\/squarebackup.you2.pl\/index.php?rest_route=\/wp\/v2\/users\/1"}],"replies":[{"embeddable":true,"href":"https:\/\/squarebackup.you2.pl\/index.php?rest_route=%2Fwp%2Fv2%2Fcomments&post=648"}],"version-history":[{"count":123,"href":"https:\/\/squarebackup.you2.pl\/index.php?rest_route=\/wp\/v2\/pages\/648\/revisions"}],"predecessor-version":[{"id":825,"href":"https:\/\/squarebackup.you2.pl\/index.php?rest_route=\/wp\/v2\/pages\/648\/revisions\/825"}],"wp:attachment":[{"href":"https:\/\/squarebackup.you2.pl\/index.php?rest_route=%2Fwp%2Fv2%2Fmedia&parent=648"}],"curies":[{"name":"wp","href":"https:\/\/api.w.org\/{rel}","templated":true}]}}