{"id":95,"date":"2015-10-01T19:04:40","date_gmt":"2015-10-01T19:04:40","guid":{"rendered":"http:\/\/clapat.ro\/themes\/nerduck-wordpress\/?page_id=95"},"modified":"2018-01-04T17:51:35","modified_gmt":"2018-01-04T17:51:35","slug":"o-nas","status":"publish","type":"page","link":"https:\/\/squarebackup.you2.pl\/?page_id=95","title":{"rendered":"O Nas"},"content":{"rendered":"<section class=\"wpb-content-wrapper\"><p>[vc_row][vc_column css=&#8221;.vc_custom_1444719399465{padding-right: 60px !important;}&#8221;]<h4>O nas<\/h4>[vc_column_text]<\/p>\n<div>Nasz\u0105 specjalizacj\u0105 jest komunikacja wizualna. M\u0105drzy Chi\u0144czycy ju\u017c tysi\u0105c lat temu m\u00f3wili, \u017ce jeden obraz jest wart tysi\u0105ca s\u0142\u00f3w. Na rynku jeste\u015bmy troch\u0119 kr\u00f3cej, ale wystarczaj\u0105co d\u0142ugo, by wyrobi\u0107 sobie opini\u0119 ekspert\u00f3w od obraz\u00f3w. Zar\u00f3wno opartych na wideo, animacji, infografice, jak i fotografii. Zajmujemy si\u0119 kreacj\u0105 i realizacj\u0105.<\/div>\n<div><\/div>\n<p>&nbsp;<\/p>\n<div>Stworzyli\u015bmy zesp\u00f3\u0142, dla kt\u00f3rego praca to pasja. Dlatego nasze projekty s\u0105 nowatorskie, estetyczne i wyj\u0105tkowe. Trzymamy r\u0119k\u0119 na pulsie mi\u0119dzynarodowych trend\u00f3w i nowinek. S\u0142u\u017cymy wiedz\u0105, pomys\u0142ami i narz\u0119dziami do kompleksowej obs\u0142ugi w zakresie komunikacji wizualnej. Eksperci Square Pixel specjalizuj\u0105 si\u0119 tak\u017ce w kreowaniu wizerunku os\u00f3b, szkoleniach oraz pracy z klientem korporacyjnym.<\/div>\n<div><\/div>\n<div>Dotrzymujemy s\u0142\u00f3w i termin\u00f3w. To sprawia, \u017ce mo\u017cna nam zaufa\u0107 i powierzy\u0107 swoje projekty.<\/div>\n<p>[\/vc_column_text][vc_empty_space]<h4>Co robimy<\/h4><ul class=\"progress-bar\"><li><p>Produkcja wideo<\/p>\n<p><\/p><div class=\"bar-wrap\"><span data-width=\"100\"><strong><i>100<\/i>%<\/strong> <\/span><\/div><\/li><li><p>Postprodukcja<\/p><div class=\"bar-wrap\"><span data-width=\"100\"><strong><i>100<\/i>%<\/strong> <\/span><\/div><\/li><li><p>Filmy Interaktywne<\/p><div class=\"bar-wrap\"><span data-width=\"100\"><strong><i>100<\/i>%<\/strong> <\/span><\/div><\/li><li><p>Animacje 2d \u00a0\/ 3D<\/p><div class=\"bar-wrap\"><span data-width=\"100\"><strong><i>100<\/i>%<\/strong> <\/span><\/div><\/li><li><p>Motion Graphics<\/p><div class=\"bar-wrap\"><span data-width=\"100\"><strong><i>100<\/i>%<\/strong> <\/span><\/div><\/li><li><p>Infografiki animowane<\/p><div class=\"bar-wrap\"><span data-width=\"100\"><strong><i>100<\/i>%<\/strong> <\/span><\/div><\/li><li><p>Filmy korporacyjne<\/p><div class=\"bar-wrap\"><span data-width=\"100\"><strong><i>100<\/i>%<\/strong> <\/span><\/div><\/li><li><p>Filmy\u00a0reklamowe<\/p><div class=\"bar-wrap\"><span data-width=\"100\"><strong><i>100<\/i>%<\/strong> <\/span><\/div><\/li><li><p>Prezentacje<\/p><div class=\"bar-wrap\"><span data-width=\"100\"><strong><i>100<\/i>%<\/strong> <\/span><\/div><\/li><\/ul>[vc_empty_space height=&#8221;60px&#8221;][\/vc_column][\/vc_row][vc_row][vc_column width=&#8221;1\/2&#8243;][vc_single_image image=&#8221;564&#8243;]<h4>Piotr Borucki<\/h4>[vc_column_text]<strong>Founder<\/strong><\/p>\n<p>Za\u0142o\u017cyciel SquarePixel. \u00a0Posiada wieloletnie do\u015bwiadczenie w produkcji rozmaitych form wideo zar\u00f3wno filmowych jak i telewizyjnych. Do\u015bwiadczenie zdobywa\u0142 pracuj\u0105c dla czo\u0142owych polskich telewizji. Odpowiada za artystyczn\u0105 wizj\u0119 projekt\u00f3w i wytycza kierunki rozwoju firmy. Gdy sytuacja tego wymaga sam siada za monta\u017cowymi sterami, \u017ceby wszystkim pokaza\u0107 \u201ejak to si\u0119 robi\u201d. Nagradzany dokumentalista.[\/vc_column_text][vc_raw_html]JTNDdWwlMjBjbGFzcyUzRCUyMnNvY2lhbHMlMjIlMjBzdHlsZSUzRCUyMmZsb2F0JTNBbm9uZSUyMiUzRSUzQ2xpJTNFJTNDYSUyMHRhcmdldCUzRCUyMl9ibGFuayUyMiUyMGhyZWYlM0QlMjJodHRwcyUzQSUyRiUyRmZhY2Vib29rLmNvbSUyRiUyMiUzRSUzQ2klMjBjbGFzcyUzRCUyMmZhJTIwZmEtZmFjZWJvb2slMjIlM0UlM0MlMkZpJTNFJTNDJTJGYSUzRSUzQyUyRmxpJTNFJTNDbGklM0UlM0NhJTIwdGFyZ2V0JTNEJTIyX2JsYW5rJTIyJTIwaHJlZiUzRCUyMmh0dHBzJTNBJTJGJTJGJTIyJTNFJTNDaSUyMGNsYXNzJTNEJTIyZmElMjBmYS10d2l0dGVyJTIyJTNFJTNDJTJGaSUzRSUzQyUyRmElM0UlM0MlMkZsaSUzRSUzQ2xpJTNFJTNDYSUyMHRhcmdldCUzRCUyMl9ibGFuayUyMiUyMGhyZWYlM0QlMjJodHRwcyUzQSUyRiUyRiUyMiUzRSUzQ2klMjBjbGFzcyUzRCUyMmZhJTIwZmEtYmVoYW5jZSUyMiUzRSUzQyUyRmklM0UlM0MlMkZhJTNFJTNDJTJGbGklM0UlM0MlMkZ1bCUzRQ==[\/vc_raw_html][\/vc_column][vc_column width=&#8221;1\/2&#8243;][vc_single_image image=&#8221;562&#8243;]<h4>Mariusz Chudy<\/h4>[vc_column_text]<strong>Creative Director<\/strong><\/p>\n<p>Posiada wieloletnie do\u015bwiadczenie dziennikarskie. W tygodniku Newsweek Polska kre\u015bli\u0142 sylwetki najwa\u017cniejszych os\u00f3b w kraju. Publikowa\u0142 tak\u017ce w Tygodniku Powszechnym, Dzienniku, Malemenie, czy Kaleidoscope.<\/p>\n<p>Jako ekspert ds. komunikacji wspiera\u0142 biura prasowe sp\u00f3\u0142ek: LOT, ENEA Wytwarzanie, Grupy Azoty, a tak\u017ce Naczelnej Rady Adwokackiej. Na swoim koncie ma przeprowadzonych kilkadziesi\u0105t szkole\u0144 m.in. z zakresu wyst\u0105pie\u0144 publicznych, instrukcji obs\u0142ugi medi\u00f3w, tworzenia spot\u00f3w i hase\u0142 wyborczych, social medi\u00f3w. Wyk\u0142adowca \u201eNowych medi\u00f3w\u201d w Wy\u017cszej Szkole Humanistycznej im. B. Prusa w Warszawie.[\/vc_column_text][vc_raw_html]JTNDdWwlMjBjbGFzcyUzRCUyMnNvY2lhbHMlMjIlMjBzdHlsZSUzRCUyMmZsb2F0JTNBbm9uZSUyMiUzRSUzQ2xpJTNFJTNDYSUyMHRhcmdldCUzRCUyMl9ibGFuayUyMiUyMGhyZWYlM0QlMjJodHRwcyUzQSUyRiUyRmZhY2Vib29rLmNvbSUyRiUyMiUzRSUzQ2klMjBjbGFzcyUzRCUyMmZhJTIwZmEtZmFjZWJvb2slMjIlM0UlM0MlMkZpJTNFJTNDJTJGYSUzRSUzQyUyRmxpJTNFJTNDbGklM0UlM0NhJTIwdGFyZ2V0JTNEJTIyX2JsYW5rJTIyJTIwaHJlZiUzRCUyMmh0dHBzJTNBJTJGJTJGJTIyJTNFJTNDaSUyMGNsYXNzJTNEJTIyZmElMjBmYS10d2l0dGVyJTIyJTNFJTNDJTJGaSUzRSUzQyUyRmElM0UlM0MlMkZsaSUzRSUzQ2xpJTNFJTNDYSUyMHRhcmdldCUzRCUyMl9ibGFuayUyMiUyMGhyZWYlM0QlMjJodHRwcyUzQSUyRiUyRiUyMiUzRSUzQ2klMjBjbGFzcyUzRCUyMmZhJTIwZmEtYmVoYW5jZSUyMiUzRSUzQyUyRmklM0UlM0MlMkZhJTNFJTNDJTJGbGklM0UlM0MlMkZ1bCUzRQ==[\/vc_raw_html][\/vc_column][\/vc_row][vc_row][vc_column][\/vc_column][\/vc_row]<\/p>\n<\/section>","protected":false},"excerpt":{"rendered":"<p>[vc_row][vc_column css=&#8221;.vc_custom_1444719399465{padding-right: 60px !important;}&#8221;][vc_column_text] Nasz\u0105 specjalizacj\u0105 jest komunikacja wizualna. M\u0105drzy Chi\u0144czycy ju\u017c tysi\u0105c lat temu m\u00f3wili, \u017ce jeden obraz jest wart tysi\u0105ca s\u0142\u00f3w. Na rynku jeste\u015bmy troch\u0119 kr\u00f3cej, ale wystarczaj\u0105co d\u0142ugo, by wyrobi\u0107 sobie opini\u0119 ekspert\u00f3w od obraz\u00f3w. Zar\u00f3wno opartych na wideo, animacji, infografice, jak i fotografii. Zajmujemy si\u0119 kreacj\u0105 i realizacj\u0105. &nbsp; Stworzyli\u015bmy zesp\u00f3\u0142, [&hellip;]<\/p>\n","protected":false},"author":1,"featured_media":0,"parent":0,"menu_order":0,"comment_status":"closed","ping_status":"closed","template":"","meta":[],"_links":{"self":[{"href":"https:\/\/squarebackup.you2.pl\/index.php?rest_route=\/wp\/v2\/pages\/95"}],"collection":[{"href":"https:\/\/squarebackup.you2.pl\/index.php?rest_route=\/wp\/v2\/pages"}],"about":[{"href":"https:\/\/squarebackup.you2.pl\/index.php?rest_route=\/wp\/v2\/types\/page"}],"author":[{"embeddable":true,"href":"https:\/\/squarebackup.you2.pl\/index.php?rest_route=\/wp\/v2\/users\/1"}],"replies":[{"embeddable":true,"href":"https:\/\/squarebackup.you2.pl\/index.php?rest_route=%2Fwp%2Fv2%2Fcomments&post=95"}],"version-history":[{"count":25,"href":"https:\/\/squarebackup.you2.pl\/index.php?rest_route=\/wp\/v2\/pages\/95\/revisions"}],"predecessor-version":[{"id":749,"href":"https:\/\/squarebackup.you2.pl\/index.php?rest_route=\/wp\/v2\/pages\/95\/revisions\/749"}],"wp:attachment":[{"href":"https:\/\/squarebackup.you2.pl\/index.php?rest_route=%2Fwp%2Fv2%2Fmedia&parent=95"}],"curies":[{"name":"wp","href":"https:\/\/api.w.org\/{rel}","templated":true}]}}